{"id":2,"date":"2015-12-09T03:33:20","date_gmt":"2015-12-09T03:33:20","guid":{"rendered":"http:\/\/wp44m.a10-52-158-154.qa.plesk.ru\/wordpress\/?page_id=2"},"modified":"2016-01-07T08:52:12","modified_gmt":"2016-01-07T08:52:12","slug":"sample-page","status":"publish","type":"page","link":"http:\/\/akro-moebisburg.de\/?page_id=2","title":{"rendered":"\u00dcber Uns"},"content":{"rendered":"<p>Die Abteilung Sportakrobatik wurde 1967 durch Fritz B\u00f6hm gegr\u00fcndet. Erste Erfolge lie\u00dfen nicht lange auf sich warten. Der Kinder- und Jugendbereich war in den siebziger und achziger Jahren auch im DDR-Ma\u00dfstab sehr erfolgreich. Nach 1990 lassen sich auch Erfolge bis hin zur Teilnahme an Weltmeisterschaften nachweisen. 1997 richteten wir in Erfurt selbst eine Deutsche Meisterschaft aus, bei der wir nicht nur erfolgreichster Verein in Deutschland wurden, sondern auch viel Lob bzgl. der Organisation und Durchf\u00fchrung erhielten. Selbstverst\u00e4ndlich sind wir auch f\u00fcr den Breitensport da. Jugendliche, die sich f\u00fcr unseren Sport begeistern k\u00f6nnen, sind herzlich eingeladen! Gut ausgebildete Trainer und \u00dcbungsleiter stehen unseren Akteuren zur Seite. Bei Sportfesten, Volksfesten, Kulturveranstaltungen u. a. sind unsere Akrobaten mit ihren Darbietungen eine willkommene Bereicherung.<\/p>\n<p>&nbsp;<\/p>\n<p>Viel Vergn\u00fcgen auf unserer Seite!<\/p>\n<p>&nbsp;<\/p>\n<p>Ihre M\u00f6bisburger Sportakrobaten<\/p>\n","protected":false},"excerpt":{"rendered":"<p>Die Abteilung Sportakrobatik wurde 1967 durch Fritz B\u00f6hm gegr\u00fcndet. Erste Erfolge lie\u00dfen nicht lange auf sich warten. Der Kinder- und Jugendbereich war in den siebziger und achziger Jahren auch im DDR-Ma\u00dfstab sehr erfolgreich. Nach 1990 lassen sich auch Erfolge bis hin zur Teilnahme an Weltmeisterschaften nachweisen. 1997 richteten wir in Erfurt selbst eine Deutsche Meisterschaft [&hellip;]<\/p>\n","protected":false},"author":1,"featured_media":0,"parent":0,"menu_order":1,"comment_status":"closed","ping_status":"closed","template":"","meta":{"footnotes":""},"class_list":["post-2","page","type-page","status-publish","hentry"],"_links":{"self":[{"href":"http:\/\/akro-moebisburg.de\/index.php?rest_route=\/wp\/v2\/pages\/2","targetHints":{"allow":["GET"]}}],"collection":[{"href":"http:\/\/akro-moebisburg.de\/index.php?rest_route=\/wp\/v2\/pages"}],"about":[{"href":"http:\/\/akro-moebisburg.de\/index.php?rest_route=\/wp\/v2\/types\/page"}],"author":[{"embeddable":true,"href":"http:\/\/akro-moebisburg.de\/index.php?rest_route=\/wp\/v2\/users\/1"}],"replies":[{"embeddable":true,"href":"http:\/\/akro-moebisburg.de\/index.php?rest_route=%2Fwp%2Fv2%2Fcomments&post=2"}],"version-history":[{"count":4,"href":"http:\/\/akro-moebisburg.de\/index.php?rest_route=\/wp\/v2\/pages\/2\/revisions"}],"predecessor-version":[{"id":601,"href":"http:\/\/akro-moebisburg.de\/index.php?rest_route=\/wp\/v2\/pages\/2\/revisions\/601"}],"wp:attachment":[{"href":"http:\/\/akro-moebisburg.de\/index.php?rest_route=%2Fwp%2Fv2%2Fmedia&parent=2"}],"curies":[{"name":"wp","href":"https:\/\/api.w.org\/{rel}","templated":true}]}}