{"id":31,"date":"2016-01-03T10:55:51","date_gmt":"2016-01-03T10:55:51","guid":{"rendered":"http:\/\/akro-moebisburg.de\/?page_id=31"},"modified":"2018-02-23T10:57:31","modified_gmt":"2018-02-23T08:57:31","slug":"impressum","status":"publish","type":"page","link":"http:\/\/akro-moebisburg.de\/?page_id=31","title":{"rendered":"Impressum"},"content":{"rendered":"<p><em>Herausgeber dieser Seiten ist die Abteilung Sportakrobatik des M\u00f6bisburger SV e.V.<\/em><\/p>\n<p><em><strong>Anschrift:<\/strong><\/em><\/p>\n<p><em>M\u00f6bisburger SV<\/em><\/p>\n<p><em>Abteilung Sportakrobatik<br \/>\nAm Loh 3<br \/>\n99094 Erfurt-Bischleben<\/em><\/p>\n<p><strong><em>Webmaster<\/em><\/strong><\/p>\n<p><em>Frank B\u00f6hm<\/em><\/p>\n<p><em>Hauptstr.11<\/em><\/p>\n<p><em>99094 Erfurt-M\u00f6bisburg<\/em><\/p>\n<p class=\"text-fett\">Rechtshinweise:<\/p>\n<p class=\"text\">Die Informationen auf diesen Webseiten werden vom M\u00f6bisburger SV Abt Sportakrobatik e.V. st\u00e4ndig gepr\u00fcft und aktualisiert. Trotz aller Sorgfalt k\u00f6nnen sich aber Angaben zwischenzeitlich ver\u00e4ndert haben. Eine Haftung oder Garantie f\u00fcr die Aktualit\u00e4t, Richtigkeit und Vollst\u00e4ndigkeit der zur Verf\u00fcgung gestellten Informationen kann daher nicht \u00fcbernommen werden. Gleiches gilt auch f\u00fcr alle Websites, auf die mittels eines Hyperlinks verwiesen wird. F\u00fcr den Inhalt der Websites, die mit einer solchen Verbindung erreicht werden, ist der M\u00f6bisburger SV Abt Sportakrobatik e.V. nicht verantwortlich.<\/p>\n<p>Des weiteren beh\u00e4lt sich der M\u00f6bisburger SV Abt Sportakrobatik e.V.das Recht vor, an den bereitgestellten Informationen \u00c4nderungen oder Erg\u00e4nzungen vorzunehmen. Inhalt und Struktur der Websites sind urheberrechtlich gesch\u00fctzt. Die Vervielf\u00e4ltigung von Informationen oder Daten, insbesondere die Verwendung von Texten, Textteilen oder Bildmaterial bedarf der vorherigen Zustimmung von dem M\u00f6bisburger SV Abt Sportakrobatik e.V.<\/p>\n<p class=\"text-fett\">Datenschutz:<\/p>\n<p class=\"text\">Sofern innerhalb des Internetangebotes die M\u00f6glichkeit zur Eingabe pers\u00f6nlicher oder gesch\u00e4ftlicher Daten (E-Mail-Adressen, Namen, Anschriften) besteht, so erfolgt die Preisgabe dieser Daten seitens des Nutzers auf ausdr\u00fccklich freiwilliger Basis. Die Inanspruchnahme aller angebotenen Dienste ist &#8211; soweit technisch m\u00f6glich und zumutbar &#8211; auch ohne Angabe solcher Daten bzw. unter Angabe anonymisierter Daten oder eines Pseudonyms gestattet.<\/p>\n","protected":false},"excerpt":{"rendered":"<p>Herausgeber dieser Seiten ist die Abteilung Sportakrobatik des M\u00f6bisburger SV e.V. Anschrift: M\u00f6bisburger SV Abteilung Sportakrobatik Am Loh 3 99094 Erfurt-Bischleben Webmaster Frank B\u00f6hm Hauptstr.11 99094 Erfurt-M\u00f6bisburg Rechtshinweise: Die Informationen auf diesen Webseiten werden vom M\u00f6bisburger SV Abt Sportakrobatik e.V. st\u00e4ndig gepr\u00fcft und aktualisiert. Trotz aller Sorgfalt k\u00f6nnen sich aber Angaben zwischenzeitlich ver\u00e4ndert haben. Eine [&hellip;]<\/p>\n","protected":false},"author":1,"featured_media":0,"parent":0,"menu_order":6,"comment_status":"closed","ping_status":"closed","template":"","meta":{"footnotes":""},"class_list":["post-31","page","type-page","status-publish","hentry"],"_links":{"self":[{"href":"http:\/\/akro-moebisburg.de\/index.php?rest_route=\/wp\/v2\/pages\/31","targetHints":{"allow":["GET"]}}],"collection":[{"href":"http:\/\/akro-moebisburg.de\/index.php?rest_route=\/wp\/v2\/pages"}],"about":[{"href":"http:\/\/akro-moebisburg.de\/index.php?rest_route=\/wp\/v2\/types\/page"}],"author":[{"embeddable":true,"href":"http:\/\/akro-moebisburg.de\/index.php?rest_route=\/wp\/v2\/users\/1"}],"replies":[{"embeddable":true,"href":"http:\/\/akro-moebisburg.de\/index.php?rest_route=%2Fwp%2Fv2%2Fcomments&post=31"}],"version-history":[{"count":3,"href":"http:\/\/akro-moebisburg.de\/index.php?rest_route=\/wp\/v2\/pages\/31\/revisions"}],"predecessor-version":[{"id":342,"href":"http:\/\/akro-moebisburg.de\/index.php?rest_route=\/wp\/v2\/pages\/31\/revisions\/342"}],"wp:attachment":[{"href":"http:\/\/akro-moebisburg.de\/index.php?rest_route=%2Fwp%2Fv2%2Fmedia&parent=31"}],"curies":[{"name":"wp","href":"https:\/\/api.w.org\/{rel}","templated":true}]}}