{"id":389,"date":"2018-10-14T18:14:52","date_gmt":"2018-10-14T16:14:52","guid":{"rendered":"http:\/\/akro-moebisburg.de\/?page_id=389"},"modified":"2018-10-14T18:14:52","modified_gmt":"2018-10-14T16:14:52","slug":"beitragsordnung","status":"publish","type":"page","link":"http:\/\/akro-moebisburg.de\/?page_id=389","title":{"rendered":"Beitragsordnung"},"content":{"rendered":"<h3><strong><u>Mitgliedsaufnahme <\/u><\/strong><\/h3>\n<p>Interessenten dieser Sportart haben die M\u00f6glichkeit an einem einmonatigen \u201eSchnuppertraining\u201c teilzunehmen.<\/p>\n<p>Mit Beginn der offiziellen Mitgliedschaft werden Mitgliedsbeitr\u00e4ge nach der g\u00fcltigen Beitragsordnung f\u00e4llig.<\/p>\n<p>&nbsp;<\/p>\n<h3><strong><u>Beitragsordnung\u00a0 Stand 08\/2018<br \/>\n<\/u><\/strong><\/h3>\n<p><strong>Anf\u00e4nger\u00a0\u00a0\u00a0\u00a0\u00a0\u00a0\u00a0\u00a0\u00a0\u00a0\u00a0\u00a0\u00a0\u00a0\u00a0\u00a0\u00a0\u00a0\u00a0\u00a0\u00a0\u00a0\u00a0\u00a0\u00a0\u00a0\u00a0\u00a0\u00a0\u00a0\u00a0\u00a0\u00a0\u00a0\u00a0\u00a0\u00a0\u00a0 6,00\u20ac\/Monat<\/strong><\/p>\n<p>Von Beginn deiner Mitgliedschaft bis zum Ende des ersten Kalenderjahres<\/p>\n<p>&nbsp;<\/p>\n<p><strong>Sportler Nachwuchsklasse\u00a0\u00a0\u00a0\u00a0 6,00\u20ac\/Monat<\/strong><\/p>\n<p><strong>Zusatzbeitrag Nachwuchsklasse\u00a0 6,00\u20ac\/Monat<\/strong><\/p>\n<p>Ab 2. Kalenderjahr bis zum Ende des Kalenderjahres, in dem du deinen ersten Wettkampf in der Leistungsklasse (Sch\u00fcler, Jugend, Junioren und Senioren) absolviert hast<\/p>\n<p>&nbsp;<\/p>\n<p><strong>Sportler Leistungsklasse\u00a0\u00a0\u00a0\u00a0\u00a0\u00a0\u00a0\u00a0 6,00\u20ac\/Monat<\/strong><\/p>\n<p><strong>Zusatzbeitrag Leistungsklasse\u00a0\u00a0\u00a0 12,00\u20ac\/Monat<\/strong><\/p>\n<p>Ab dem Folgekalenderjahr, in dem du deinen ersten Wettkampf in der Leistungsklasse absolviert hast<\/p>\n<p>&nbsp;<\/p>\n<p><strong>passive Mitglieder\/Trainer, \u00dcbungsleiter und Betreuer\u00a0\u00a0\u00a0\u00a0\u00a0\u00a0\u00a0\u00a0 4,00\u20ac\/Monat<\/strong><\/p>\n<p>&nbsp;<\/p>\n<p>Mit den Zusatzbeitr\u00e4gen werden u.a. folgende Leistungen finanziell abgesichert<\/p>\n<p>&#8211;\u00a0\u00a0 Wettkampfpass, Auftritts- und Wettkampfkleidung (au\u00dfer Trainingsanz\u00fcge), Startgeb\u00fchren<\/p>\n<p>&#8211;\u00a0\u00a0\u00a0 Fahrtkosten zu Wettk\u00e4mpfen, \u00dcbernachtungskosten (Inland), Verpflegungskosten<\/p>\n<p>&#8211;\u00a0\u00a0\u00a0 Trainingslager und Leistungen aus Dritter Hand: Choreographien, Tanzunterricht u.s.w.<\/p>\n<p>&nbsp;<\/p>\n<p>Wir weisen darauf hin, dass bei der Teilnahme an Trainingslagern und Wettk\u00e4mpfen <strong>im Ausland<\/strong> weitere Kosten in Form von Eigenbeteiligungen auf dich zukommen k\u00f6nnen.<\/p>\n<p>Der Gesamtverein verf\u00fcgt \u00fcber eine <strong>KFZ-Zusatzversicherung<\/strong>, sie sichert Mitglieder und Eltern bei Fahrten zum Trainings- oder Wettkampfort zus\u00e4tzlich ab. In diesem Fall muss\u00a0 immer die Polizei gerufen werden und umgehend eine Meldung an den Verein erfolgen.<\/p>\n","protected":false},"excerpt":{"rendered":"<p>Mitgliedsaufnahme Interessenten dieser Sportart haben die M\u00f6glichkeit an einem einmonatigen \u201eSchnuppertraining\u201c teilzunehmen. Mit Beginn der offiziellen Mitgliedschaft werden Mitgliedsbeitr\u00e4ge nach der g\u00fcltigen Beitragsordnung f\u00e4llig. &nbsp; Beitragsordnung\u00a0 Stand 08\/2018 Anf\u00e4nger\u00a0\u00a0\u00a0\u00a0\u00a0\u00a0\u00a0\u00a0\u00a0\u00a0\u00a0\u00a0\u00a0\u00a0\u00a0\u00a0\u00a0\u00a0\u00a0\u00a0\u00a0\u00a0\u00a0\u00a0\u00a0\u00a0\u00a0\u00a0\u00a0\u00a0\u00a0\u00a0\u00a0\u00a0\u00a0\u00a0\u00a0\u00a0 6,00\u20ac\/Monat Von Beginn deiner Mitgliedschaft bis zum Ende des ersten Kalenderjahres &nbsp; Sportler Nachwuchsklasse\u00a0\u00a0\u00a0\u00a0 6,00\u20ac\/Monat Zusatzbeitrag Nachwuchsklasse\u00a0 6,00\u20ac\/Monat Ab 2. Kalenderjahr bis zum Ende des Kalenderjahres, [&hellip;]<\/p>\n","protected":false},"author":2,"featured_media":0,"parent":63,"menu_order":0,"comment_status":"closed","ping_status":"closed","template":"fullwidth-page.php","meta":{"footnotes":""},"class_list":["post-389","page","type-page","status-publish","hentry"],"_links":{"self":[{"href":"http:\/\/akro-moebisburg.de\/index.php?rest_route=\/wp\/v2\/pages\/389","targetHints":{"allow":["GET"]}}],"collection":[{"href":"http:\/\/akro-moebisburg.de\/index.php?rest_route=\/wp\/v2\/pages"}],"about":[{"href":"http:\/\/akro-moebisburg.de\/index.php?rest_route=\/wp\/v2\/types\/page"}],"author":[{"embeddable":true,"href":"http:\/\/akro-moebisburg.de\/index.php?rest_route=\/wp\/v2\/users\/2"}],"replies":[{"embeddable":true,"href":"http:\/\/akro-moebisburg.de\/index.php?rest_route=%2Fwp%2Fv2%2Fcomments&post=389"}],"version-history":[{"count":4,"href":"http:\/\/akro-moebisburg.de\/index.php?rest_route=\/wp\/v2\/pages\/389\/revisions"}],"predecessor-version":[{"id":393,"href":"http:\/\/akro-moebisburg.de\/index.php?rest_route=\/wp\/v2\/pages\/389\/revisions\/393"}],"up":[{"embeddable":true,"href":"http:\/\/akro-moebisburg.de\/index.php?rest_route=\/wp\/v2\/pages\/63"}],"wp:attachment":[{"href":"http:\/\/akro-moebisburg.de\/index.php?rest_route=%2Fwp%2Fv2%2Fmedia&parent=389"}],"curies":[{"name":"wp","href":"https:\/\/api.w.org\/{rel}","templated":true}]}}