{"id":59,"date":"2016-01-03T11:43:25","date_gmt":"2016-01-03T11:43:25","guid":{"rendered":"http:\/\/akro-moebisburg.de\/?page_id=59"},"modified":"2025-08-21T20:27:02","modified_gmt":"2025-08-21T19:27:02","slug":"trainingszeiten","status":"publish","type":"page","link":"http:\/\/akro-moebisburg.de\/?page_id=59","title":{"rendered":"Trainingszeiten"},"content":{"rendered":"\n<p>g\u00fcltig Schuljahr 2025\/26, Stand 21.08.2025<\/p>\n\n\n<p><span style=\"text-decoration: underline;\"><strong>Nachwuchsklasse ab 6 Jahren:<\/strong> <\/span><\/p>\n<p><strong>Montag<\/strong> 16:00Uhr &#8211; 18:30Uhr<\/p>\n<p><strong>Mittwoch<\/strong> 16:00Uhr &#8211; 18:30Uhr<\/p>\n<p><strong><span style=\"text-decoration: underline;\">Leistungsklasse:<\/span><\/strong><\/p>\n<p><strong>Montag<\/strong> 16:00Uhr &#8211; 19:00Uhr<\/p>\n<p><strong>Dienstag<\/strong> 16:00Uhr &#8211; 19:00Uhr<\/p>\n<p><strong>Mittwoch<\/strong> 16:00Uhr &#8211; 19:00Uhr<\/p>\n<p><strong>Freitag<\/strong> 16:00Uhr &#8211; 20:00Uhr<\/p>\n<p><strong>Samstag<\/strong> 10:00Uhr &#8211; 12:00Uhr<\/p>\n<p>Wo?<\/p>\n<p>Sporthalle der Grundschule 21 in Erfurt-M\u00f6bisburg<\/p>\n<p>Aktuell verl\u00e4uft der Weg zur Turnhalle \u00fcber den Schulhort und den Schulhof.<\/p>\n<p>Das Tor zum Schulhort ist generell verschlossen zu halten. Das Tor wird kurz vor Trainingsbeginn und vor Trainingsende ge\u00f6ffnet.<\/p>\n<p>Bei Interesse an einem Schnuppertraining melden Sie sich bitte per E-mail bei Frau Stephanie Sauter-Jauch (siehe Kontakt).<\/p>","protected":false},"excerpt":{"rendered":"<p>g\u00fcltig Schuljahr 2025\/26, Stand 21.08.2025 Nachwuchsklasse ab 6 Jahren: Montag 16:00Uhr &#8211; 18:30Uhr Mittwoch 16:00Uhr &#8211; 18:30Uhr Leistungsklasse: Montag 16:00Uhr &#8211; 19:00Uhr Dienstag 16:00Uhr &#8211; 19:00Uhr Mittwoch 16:00Uhr &#8211; 19:00Uhr Freitag 16:00Uhr &#8211; 20:00Uhr Samstag 10:00Uhr &#8211; 12:00Uhr Wo? Sporthalle der Grundschule 21 in Erfurt-M\u00f6bisburg Aktuell verl\u00e4uft der Weg zur Turnhalle \u00fcber den Schulhort und [&hellip;]<\/p>\n","protected":false},"author":1,"featured_media":0,"parent":0,"menu_order":2,"comment_status":"closed","ping_status":"closed","template":"","meta":{"footnotes":""},"class_list":["post-59","page","type-page","status-publish","hentry"],"_links":{"self":[{"href":"http:\/\/akro-moebisburg.de\/index.php?rest_route=\/wp\/v2\/pages\/59","targetHints":{"allow":["GET"]}}],"collection":[{"href":"http:\/\/akro-moebisburg.de\/index.php?rest_route=\/wp\/v2\/pages"}],"about":[{"href":"http:\/\/akro-moebisburg.de\/index.php?rest_route=\/wp\/v2\/types\/page"}],"author":[{"embeddable":true,"href":"http:\/\/akro-moebisburg.de\/index.php?rest_route=\/wp\/v2\/users\/1"}],"replies":[{"embeddable":true,"href":"http:\/\/akro-moebisburg.de\/index.php?rest_route=%2Fwp%2Fv2%2Fcomments&post=59"}],"version-history":[{"count":19,"href":"http:\/\/akro-moebisburg.de\/index.php?rest_route=\/wp\/v2\/pages\/59\/revisions"}],"predecessor-version":[{"id":739,"href":"http:\/\/akro-moebisburg.de\/index.php?rest_route=\/wp\/v2\/pages\/59\/revisions\/739"}],"wp:attachment":[{"href":"http:\/\/akro-moebisburg.de\/index.php?rest_route=%2Fwp%2Fv2%2Fmedia&parent=59"}],"curies":[{"name":"wp","href":"https:\/\/api.w.org\/{rel}","templated":true}]}}