{"id":63,"date":"2016-01-03T11:50:20","date_gmt":"2016-01-03T11:50:20","guid":{"rendered":"http:\/\/akro-moebisburg.de\/?page_id=63"},"modified":"2022-11-11T11:49:30","modified_gmt":"2022-11-11T10:49:30","slug":"kontakt","status":"publish","type":"page","link":"http:\/\/akro-moebisburg.de\/?page_id=63","title":{"rendered":"Kontakt"},"content":{"rendered":"<p><strong>\u00a0<\/strong><\/p>\n<p><strong>Abteilungsleitung:<\/strong><\/p>\n<p>derzeit nur per Email erreichbar unter<\/p>\n<p>E-mail: stephanie_jauch@gmx.de<\/p>\n<p><strong>Kassenwart<\/strong><\/p>\n<p>Ren\u00e9 P\u00f6pl<\/p>\n<p>E-Mail: <a href=\"mailto:rpoepl@hotmail.de\" target=\"_blank\" rel=\"noopener\">rene.poepl@gmx.de<\/a><\/p>\n<p><strong>Unsere Trainer\/-innen<\/strong><\/p>\n<p>Marc Karsdorf (Leistungs- und Nachwuchsklasse)<\/p>\n<p>Nico Karsdorf (Leistungsklasse)<\/p>\n<p>Peter Giske (Nachwuchs- und Aufbauklasse)<\/p>\n<p>Ren\u00e9 P\u00f6pl (Nachwuchs- und Aufbauklasse)<\/p>\n<p>Stephanie Sauter-Jauch (Nachwuchs- und Aufbauklasse)<\/p>\n<p>B\u00e4rbel Kloss (Nachwuchs- und Aufbauklasse)<\/p>\n","protected":false},"excerpt":{"rendered":"<p>\u00a0 Abteilungsleitung: derzeit nur per Email erreichbar unter E-mail: stephanie_jauch@gmx.de Kassenwart Ren\u00e9 P\u00f6pl E-Mail: rene.poepl@gmx.de Unsere Trainer\/-innen Marc Karsdorf (Leistungs- und Nachwuchsklasse) Nico Karsdorf (Leistungsklasse) Peter Giske (Nachwuchs- und Aufbauklasse) Ren\u00e9 P\u00f6pl (Nachwuchs- und Aufbauklasse) Stephanie Sauter-Jauch (Nachwuchs- und Aufbauklasse) B\u00e4rbel Kloss (Nachwuchs- und Aufbauklasse)<\/p>\n","protected":false},"author":1,"featured_media":0,"parent":0,"menu_order":5,"comment_status":"closed","ping_status":"closed","template":"","meta":{"footnotes":""},"class_list":["post-63","page","type-page","status-publish","hentry"],"_links":{"self":[{"href":"http:\/\/akro-moebisburg.de\/index.php?rest_route=\/wp\/v2\/pages\/63","targetHints":{"allow":["GET"]}}],"collection":[{"href":"http:\/\/akro-moebisburg.de\/index.php?rest_route=\/wp\/v2\/pages"}],"about":[{"href":"http:\/\/akro-moebisburg.de\/index.php?rest_route=\/wp\/v2\/types\/page"}],"author":[{"embeddable":true,"href":"http:\/\/akro-moebisburg.de\/index.php?rest_route=\/wp\/v2\/users\/1"}],"replies":[{"embeddable":true,"href":"http:\/\/akro-moebisburg.de\/index.php?rest_route=%2Fwp%2Fv2%2Fcomments&post=63"}],"version-history":[{"count":14,"href":"http:\/\/akro-moebisburg.de\/index.php?rest_route=\/wp\/v2\/pages\/63\/revisions"}],"predecessor-version":[{"id":573,"href":"http:\/\/akro-moebisburg.de\/index.php?rest_route=\/wp\/v2\/pages\/63\/revisions\/573"}],"wp:attachment":[{"href":"http:\/\/akro-moebisburg.de\/index.php?rest_route=%2Fwp%2Fv2%2Fmedia&parent=63"}],"curies":[{"name":"wp","href":"https:\/\/api.w.org\/{rel}","templated":true}]}}